{"id":9518,"date":"2013-05-31T11:57:37","date_gmt":"2013-05-31T11:57:37","guid":{"rendered":"https:\/\/irisbas.com\/sobre-mi\/"},"modified":"2025-03-05T10:45:07","modified_gmt":"2025-03-05T10:45:07","slug":"sobre-mi","status":"publish","type":"page","link":"https:\/\/irisbas.com\/es\/sobre-mi\/","title":{"rendered":"Sobre mi"},"content":{"rendered":"<section class=\"l-section wpb_row us_custom_8b3d6790 has_text_color height_custom width_custom\" style=\"--site-content-width:1820px;\" id=\"about\"><div class=\"l-section-overlay\" style=\"background:var(--color-alt-content-secondary-grad, var(--color-alt-content-secondary) )\"><\/div><div class=\"l-section-h i-cf\"><div class=\"g-cols vc_row via_grid cols_1-2 laptops-cols_inherit tablets-cols_1 mobiles-cols_1 valign_top type_default stacking_default\" style=\"--columns-gap:8vh;\"><div class=\"wpb_column vc_column_container us_custom_94dfe1b6 us_animate_this has_bg_color\"><div class=\"vc_column-inner\"><\/div><\/div><div class=\"wpb_column vc_column_container us_custom_7e20fa79 us_animate_this\"><div class=\"vc_column-inner\"><h2 class=\"w-text\"><span class=\"w-text-h\"><span class=\"w-text-value\">Soy Iris, profesional creativa<\/span><\/span><\/h2><div class=\"w-separator size_small\"><\/div><div class=\"wpb_text_column us_custom_933613eb\"><div class=\"wpb_wrapper\"><p>Hola, soy Iris! Una apasionada profesional creativa especializada en branding, dise\u00f1o y UX\/UI.<br \/>\n\u00bfMi misi\u00f3n? Ayudar a las empresas a destacar con dise\u00f1os impactantes y coherentes combinado con soluciones estrat\u00e9gicas.<\/p>\n<p>Con m\u00e1s de 13 a\u00f1os de experiencia, he tenido el privilegio de trabajar con marcas de diferentes industrias para crear historias y dise\u00f1os de marca atractivos. Ya sea liderando un rebranding, optimizando la UX\/UI del sitio web o creando contenido multimedia, disfruto al convertir ideas en realidad.<\/p>\n<\/div><\/div><div class=\"w-btn-wrapper align_none\"><a class=\"w-btn us-btn-style_4 us_custom_cdf14ffd\" href=\"https:\/\/irisbas.com\/es\/#valores\"><span class=\"w-btn-label\">Echa una ojeada a mis valores<\/span><\/a><\/div><div class=\"w-separator size_large\"><\/div><div class=\"g-cols wpb_row via_grid cols_2 laptops-cols_inherit tablets-cols_inherit mobiles-cols_1 valign_top type_default stacking_default\" style=\"--columns-gap:3.2rem;\"><div class=\"wpb_column vc_column_container\"><div class=\"vc_column-inner\"><div class=\"wpb_text_column\"><div class=\"wpb_wrapper\"><h4>Algunos logros laborales<\/h4>\n<ul>\n<li>Liderar la integraci\u00f3n de la marca para la fusi\u00f3n de Xplanation y LanguageWire.<\/li>\n<li>Gestionar una renovaci\u00f3n completa de la marca para XTM International, incluyendo la coordinaci\u00f3n de UX\/UI para su sitio web.<\/li>\n<li>Renovar el evento XTM Live con dise\u00f1os y activos innovadores.<\/li>\n<li>Crear y coordinar contenido y eventos internacionalmente para empresas como AuraQuantic o LanguageWire.<\/li>\n<\/ul>\n<\/div><\/div><div class=\"w-btn-wrapper align_none\"><a class=\"w-btn us-btn-style_4 us_custom_cdf14ffd\" href=\"https:\/\/irisbas.com\/#portfolio\"><span class=\"w-btn-label\">Revisa algunos de mis trabajos recientes<\/span><\/a><\/div><div class=\"w-btn-wrapper align_none\"><a class=\"w-btn us-btn-style_24 us_custom_703b2333\" target=\"_blank\" href=\"https:\/\/irisbas.com\/wp-content\/uploads\/2025\/03\/CV-Iris-Bas-ES.pdf\"><span class=\"w-btn-label\">Descarga mi curr\u00edculum<\/span><\/a><\/div><\/div><\/div><div class=\"wpb_column vc_column_container\"><div class=\"vc_column-inner\"><div class=\"wpb_text_column\"><div class=\"wpb_wrapper\"><h4>Personal con emojis<\/h4>\n<p>\ud83d\udcfd\ufe0f Entusiasta del cine y cr\u00edtica aficionada.<\/p>\n<p>\ud83d\uddfa\ufe0f \u00c1vida viajera con un profundo amor por la cultura japonesa: mi viaje a Jap\u00f3n sigue siendo mi favorito de todos los tiempos.<\/p>\n<p>\ud83e\udd58 Amante de la comida y del caf\u00e9: un consejo profesional: \u00a1es mejor hablar conmigo despu\u00e9s de mi primera taza de caf\u00e9!<\/p>\n<p>\ud83d\udc15 Amante de los animales con debilidad por las mascotas rescatadas: estoy orgullosa de compartir mi vida con una perra mestiza adoptada.<\/p>\n<p>\u2696\ufe0f Apasionada por el feminismo, la ecolog\u00eda y la defensa de la justicia social.<\/p>\n<\/div><\/div><\/div><\/div><\/div><\/div><\/div><\/div><\/div><\/section><section class=\"l-section wpb_row height_custom color_primary\" id=\"fourth\"><div class=\"l-section-overlay\" style=\"background:var(--color-on-hover)\"><\/div><div class=\"l-section-h i-cf\"><div class=\"g-cols vc_row via_grid cols_1 laptops-cols_inherit tablets-cols_inherit mobiles-cols_1 valign_top type_default stacking_default\"><div class=\"wpb_column vc_column_container\"><div class=\"vc_column-inner\"><div class=\"w-actionbox color_primary controls_right\"><div class=\"w-actionbox-text\"><h2 class=\"w-actionbox-title\">Tomemos un caf\u00e9 \u2615 y maquinemos ideas brillantes juntos!<\/h2><\/div><div class=\"w-actionbox-controls\"><a class=\"w-btn us-btn-style_11\" href=\"https:\/\/irisbas.com\/contact\/\" style=\"font-size:1.2rem;\"><span class=\"w-btn-label\">Contacto<\/span><\/a><a class=\"w-btn us-btn-style_26\" target=\"_blank\" href=\"https:\/\/www.linkedin.com\/in\/irisbasmut\/\" style=\"font-size:1.2rem;\"><span class=\"w-btn-label\">Conectemos en Linkedin<\/span><\/a><\/div><\/div><\/div><\/div><\/div><\/div><\/section>\n","protected":false},"excerpt":{"rendered":"Soy Iris, profesional creativaHola, soy Iris! Una apasionada profesional creativa especializada en branding, dise\u00f1o y UX\/UI. \u00bfMi misi\u00f3n? Ayudar a las empresas a destacar con dise\u00f1os impactantes y coherentes combinado con soluciones estrat\u00e9gicas. Con m\u00e1s de 13 a\u00f1os de experiencia, he tenido el privilegio de trabajar con marcas de diferentes industrias para crear historias y...","protected":false},"author":1,"featured_media":0,"parent":0,"menu_order":0,"comment_status":"closed","ping_status":"closed","template":"","meta":{"content-type":"","footnotes":""},"class_list":["post-9518","page","type-page","status-publish","hentry"],"yoast_head":"<!-- This site is optimized with the Yoast SEO plugin v27.3 - https:\/\/yoast.com\/product\/yoast-seo-wordpress\/ -->\n<title>Sobre mi - Iris Bas<\/title>\n<meta name=\"robots\" content=\"index, follow, max-snippet:-1, max-image-preview:large, max-video-preview:-1\" \/>\n<link rel=\"canonical\" href=\"https:\/\/irisbas.com\/about-me\/\" \/>\n<meta property=\"og:locale\" content=\"es_ES\" \/>\n<meta property=\"og:type\" content=\"article\" \/>\n<meta property=\"og:title\" content=\"Sobre mi - Iris Bas\" \/>\n<meta property=\"og:url\" content=\"https:\/\/irisbas.com\/about-me\/\" \/>\n<meta property=\"og:site_name\" content=\"Iris Bas\" \/>\n<meta property=\"article:modified_time\" content=\"2025-03-05T10:45:07+00:00\" \/>\n<meta name=\"twitter:card\" content=\"summary_large_image\" \/>\n<meta name=\"twitter:label1\" content=\"Tiempo de lectura\" \/>\n\t<meta name=\"twitter:data1\" content=\"3 minutos\" \/>\n<script type=\"application\/ld+json\" class=\"yoast-schema-graph\">{\"@context\":\"https:\\\/\\\/schema.org\",\"@graph\":[{\"@type\":\"WebPage\",\"@id\":\"https:\\\/\\\/irisbas.com\\\/about-me\\\/\",\"url\":\"https:\\\/\\\/irisbas.com\\\/about-me\\\/\",\"name\":\"Sobre mi - Iris Bas\",\"isPartOf\":{\"@id\":\"https:\\\/\\\/irisbas.com\\\/#website\"},\"datePublished\":\"2013-05-31T11:57:37+00:00\",\"dateModified\":\"2025-03-05T10:45:07+00:00\",\"breadcrumb\":{\"@id\":\"https:\\\/\\\/irisbas.com\\\/about-me\\\/#breadcrumb\"},\"inLanguage\":\"es\",\"potentialAction\":[{\"@type\":\"ReadAction\",\"target\":[\"https:\\\/\\\/irisbas.com\\\/about-me\\\/\"]}]},{\"@type\":\"BreadcrumbList\",\"@id\":\"https:\\\/\\\/irisbas.com\\\/about-me\\\/#breadcrumb\",\"itemListElement\":[{\"@type\":\"ListItem\",\"position\":1,\"name\":\"Portada\",\"item\":\"https:\\\/\\\/irisbas.com\\\/es\\\/\"},{\"@type\":\"ListItem\",\"position\":2,\"name\":\"Sobre mi\"}]},{\"@type\":\"WebSite\",\"@id\":\"https:\\\/\\\/irisbas.com\\\/#website\",\"url\":\"https:\\\/\\\/irisbas.com\\\/\",\"name\":\"Iris Bas\",\"description\":\"Branding \u00b7 Dise\u00f1o \u00b7 UI\\\/UX \u00b7 Gesti\u00f3n de Proyectos\",\"potentialAction\":[{\"@type\":\"SearchAction\",\"target\":{\"@type\":\"EntryPoint\",\"urlTemplate\":\"https:\\\/\\\/irisbas.com\\\/?s={search_term_string}\"},\"query-input\":{\"@type\":\"PropertyValueSpecification\",\"valueRequired\":true,\"valueName\":\"search_term_string\"}}],\"inLanguage\":\"es\"}]}<\/script>\n<!-- \/ Yoast SEO plugin. -->","yoast_head_json":{"title":"Sobre mi - Iris Bas","robots":{"index":"index","follow":"follow","max-snippet":"max-snippet:-1","max-image-preview":"max-image-preview:large","max-video-preview":"max-video-preview:-1"},"canonical":"https:\/\/irisbas.com\/about-me\/","og_locale":"es_ES","og_type":"article","og_title":"Sobre mi - Iris Bas","og_url":"https:\/\/irisbas.com\/about-me\/","og_site_name":"Iris Bas","article_modified_time":"2025-03-05T10:45:07+00:00","twitter_card":"summary_large_image","twitter_misc":{"Tiempo de lectura":"3 minutos"},"schema":{"@context":"https:\/\/schema.org","@graph":[{"@type":"WebPage","@id":"https:\/\/irisbas.com\/about-me\/","url":"https:\/\/irisbas.com\/about-me\/","name":"Sobre mi - Iris Bas","isPartOf":{"@id":"https:\/\/irisbas.com\/#website"},"datePublished":"2013-05-31T11:57:37+00:00","dateModified":"2025-03-05T10:45:07+00:00","breadcrumb":{"@id":"https:\/\/irisbas.com\/about-me\/#breadcrumb"},"inLanguage":"es","potentialAction":[{"@type":"ReadAction","target":["https:\/\/irisbas.com\/about-me\/"]}]},{"@type":"BreadcrumbList","@id":"https:\/\/irisbas.com\/about-me\/#breadcrumb","itemListElement":[{"@type":"ListItem","position":1,"name":"Portada","item":"https:\/\/irisbas.com\/es\/"},{"@type":"ListItem","position":2,"name":"Sobre mi"}]},{"@type":"WebSite","@id":"https:\/\/irisbas.com\/#website","url":"https:\/\/irisbas.com\/","name":"Iris Bas","description":"Branding \u00b7 Dise\u00f1o \u00b7 UI\/UX \u00b7 Gesti\u00f3n de Proyectos","potentialAction":[{"@type":"SearchAction","target":{"@type":"EntryPoint","urlTemplate":"https:\/\/irisbas.com\/?s={search_term_string}"},"query-input":{"@type":"PropertyValueSpecification","valueRequired":true,"valueName":"search_term_string"}}],"inLanguage":"es"}]}},"_links":{"self":[{"href":"https:\/\/irisbas.com\/es\/wp-json\/wp\/v2\/pages\/9518","targetHints":{"allow":["GET"]}}],"collection":[{"href":"https:\/\/irisbas.com\/es\/wp-json\/wp\/v2\/pages"}],"about":[{"href":"https:\/\/irisbas.com\/es\/wp-json\/wp\/v2\/types\/page"}],"author":[{"embeddable":true,"href":"https:\/\/irisbas.com\/es\/wp-json\/wp\/v2\/users\/1"}],"replies":[{"embeddable":true,"href":"https:\/\/irisbas.com\/es\/wp-json\/wp\/v2\/comments?post=9518"}],"version-history":[{"count":5,"href":"https:\/\/irisbas.com\/es\/wp-json\/wp\/v2\/pages\/9518\/revisions"}],"predecessor-version":[{"id":9625,"href":"https:\/\/irisbas.com\/es\/wp-json\/wp\/v2\/pages\/9518\/revisions\/9625"}],"wp:attachment":[{"href":"https:\/\/irisbas.com\/es\/wp-json\/wp\/v2\/media?parent=9518"}],"curies":[{"name":"wp","href":"https:\/\/api.w.org\/{rel}","templated":true}]}}