{"id":9515,"date":"2013-05-31T11:57:37","date_gmt":"2013-05-31T11:57:37","guid":{"rendered":"https:\/\/irisbas.com\/sobre-mi\/"},"modified":"2025-03-05T10:44:21","modified_gmt":"2025-03-05T10:44:21","slug":"sobre-mi","status":"publish","type":"page","link":"https:\/\/irisbas.com\/ca\/sobre-mi\/","title":{"rendered":"Sobre mi"},"content":{"rendered":"<section class=\"l-section wpb_row us_custom_8b3d6790 has_text_color height_custom width_custom\" style=\"--site-content-width:1820px;\" id=\"about\"><div class=\"l-section-overlay\" style=\"background:var(--color-alt-content-secondary-grad, var(--color-alt-content-secondary) )\"><\/div><div class=\"l-section-h i-cf\"><div class=\"g-cols vc_row via_grid cols_1-2 laptops-cols_inherit tablets-cols_1 mobiles-cols_1 valign_top type_default stacking_default\" style=\"--columns-gap:8vh;\"><div class=\"wpb_column vc_column_container us_custom_94dfe1b6 us_animate_this has_bg_color\"><div class=\"vc_column-inner\"><\/div><\/div><div class=\"wpb_column vc_column_container us_custom_7e20fa79 us_animate_this\"><div class=\"vc_column-inner\"><h2 class=\"w-text\"><span class=\"w-text-h\"><span class=\"w-text-value\">S\u00f3c Iris, professional creativa!<\/span><\/span><\/h2><div class=\"w-separator size_small\"><\/div><div class=\"wpb_text_column us_custom_933613eb\"><div class=\"wpb_wrapper\"><p>Ei, s\u00f3c Iris, apassionada professional creativa especialitzada en branding, disseny i UX\/UI.<br \/>\nLa meva missi\u00f3? Ajudar les empreses a destacar amb dissenys impactants i coherents, junt amb solucions estrat\u00e8giques.<\/p>\n<p>Amb m\u00e9s de 13 anys d&#8217;experi\u00e8ncia, he tingut el privilegi de treballar amb marques de diferents ind\u00fastries per crear hist\u00f2ries i dissenys de marca atractius. Ja sigui liderant una renovaci\u00f3 de marca, optimitzant la UX\/UI del lloc web o creant contingut multim\u00e8dia, gaudeixo convertint idees en realitat.<\/p>\n<\/div><\/div><div class=\"w-btn-wrapper align_none\"><a class=\"w-btn us-btn-style_4 us_custom_cdf14ffd\" href=\"https:\/\/irisbas.com\/#values\"><span class=\"w-btn-label\">Pega una ullada als meus valors<\/span><\/a><\/div><div class=\"w-separator size_large\"><\/div><div class=\"g-cols wpb_row via_grid cols_2 laptops-cols_inherit tablets-cols_inherit mobiles-cols_1 valign_top type_default stacking_default\" style=\"--columns-gap:3.2rem;\"><div class=\"wpb_column vc_column_container\"><div class=\"vc_column-inner\"><div class=\"wpb_text_column\"><div class=\"wpb_wrapper\"><h4>Alguns assoliments laborals<\/h4>\n<ul>\n<li>Liderar la integraci\u00f3 de la marca per la fusi\u00f3 de Xplanation i LanguageWire.<\/li>\n<li>Gestionar una renovaci\u00f3 completa de la marca per a XTM International, incloent la coordinaci\u00f3 de UX\/UI per al seu lloc web.<\/li>\n<li>Renovar l&#8217;esdeveniment XTM Live amb dissenys i actius innovadors.<\/li>\n<li>Crear i coordinar contingut i esdeveniments internacionalment per a empreses com AuraQuantic o LanguageWire.<\/li>\n<\/ul>\n<\/div><\/div><div class=\"w-btn-wrapper align_none\"><a class=\"w-btn us-btn-style_4 us_custom_cdf14ffd\" href=\"https:\/\/irisbas.com\/#portfolio\"><span class=\"w-btn-label\">Revisa alguns dels meus treballs recents<\/span><\/a><\/div><div class=\"w-btn-wrapper align_none\"><a class=\"w-btn us-btn-style_24 us_custom_703b2333\" target=\"_blank\" href=\"https:\/\/irisbas.com\/wp-content\/uploads\/2025\/03\/CV-Iris-Bas-EN.pdf\"><span class=\"w-btn-label\">Descarregar el meu curr\u00edculum (en angl\u00e8s)<\/span><\/a><\/div><\/div><\/div><div class=\"wpb_column vc_column_container\"><div class=\"vc_column-inner\"><div class=\"wpb_text_column\"><div class=\"wpb_wrapper\"><h4>Personal en emojis<\/h4>\n<p>\ud83d\udcfd\ufe0f Entusiasta del cinema i cr\u00edtica aficionada.<\/p>\n<p>\ud83d\uddfa\ufe0f Viajant apassionada amb un profund amor per la cultura japonesa: el meu viatge al Jap\u00f3 segueix sent el meu favorit de tots els temps.<\/p>\n<p>\ud83e\udd58 Amant del bon menjar i del caf\u00e8: un consell professional: \u00a1\u00e9s millor parlar amb mi despr\u00e9s de la meva primera tassa de caf\u00e8!<\/p>\n<p>\ud83d\udc15 Amant dels animals amb debilitat per les mascotes rescatades: estic orgullosa de compartir la meva vida amb un gossa mestissa adoptada<\/p>\n<p>\u2696\ufe0f Apassionada pel feminisme, l&#8217;ecologia i la lluita per la just\u00edcia social.<\/p>\n<\/div><\/div><\/div><\/div><\/div><\/div><\/div><\/div><\/div><\/section><section class=\"l-section wpb_row height_custom color_primary\" id=\"fourth\"><div class=\"l-section-overlay\" style=\"background:var(--color-on-hover)\"><\/div><div class=\"l-section-h i-cf\"><div class=\"g-cols vc_row via_grid cols_1 laptops-cols_inherit tablets-cols_inherit mobiles-cols_1 valign_top type_default stacking_default\"><div class=\"wpb_column vc_column_container\"><div class=\"vc_column-inner\"><div class=\"w-actionbox color_primary controls_right\"><div class=\"w-actionbox-text\"><h2 class=\"w-actionbox-title\">Prenem un caf\u00e9 \u2615 i maquinem idees brillants junts!<\/h2><\/div><div class=\"w-actionbox-controls\"><a class=\"w-btn us-btn-style_11\" href=\"https:\/\/irisbas.com\/contact\/\" style=\"font-size:1.2rem;\"><span class=\"w-btn-label\">Contacte<\/span><\/a><a class=\"w-btn us-btn-style_26\" target=\"_blank\" href=\"https:\/\/www.linkedin.com\/in\/irisbasmut\/\" style=\"font-size:1.2rem;\"><span class=\"w-btn-label\">Connectem a Linkedin<\/span><\/a><\/div><\/div><\/div><\/div><\/div><\/div><\/section>\n","protected":false},"excerpt":{"rendered":"S\u00f3c Iris, professional creativa!Ei, s\u00f3c Iris, apassionada professional creativa especialitzada en branding, disseny i UX\/UI. La meva missi\u00f3? Ajudar les empreses a destacar amb dissenys impactants i coherents, junt amb solucions estrat\u00e8giques. Amb m\u00e9s de 13 anys d&#8217;experi\u00e8ncia, he tingut el privilegi de treballar amb marques de diferents ind\u00fastries per crear hist\u00f2ries i dissenys de...","protected":false},"author":1,"featured_media":0,"parent":0,"menu_order":0,"comment_status":"closed","ping_status":"closed","template":"","meta":{"content-type":"","footnotes":""},"class_list":["post-9515","page","type-page","status-publish","hentry"],"yoast_head":"<!-- This site is optimized with the Yoast SEO plugin v27.3 - https:\/\/yoast.com\/product\/yoast-seo-wordpress\/ -->\n<title>Sobre mi - Iris Bas<\/title>\n<meta name=\"robots\" content=\"index, follow, max-snippet:-1, max-image-preview:large, max-video-preview:-1\" \/>\n<link rel=\"canonical\" href=\"https:\/\/irisbas.com\/about-me\/\" \/>\n<meta property=\"og:locale\" content=\"ca_ES\" \/>\n<meta property=\"og:type\" content=\"article\" \/>\n<meta property=\"og:title\" content=\"Sobre mi - Iris Bas\" \/>\n<meta property=\"og:url\" content=\"https:\/\/irisbas.com\/about-me\/\" \/>\n<meta property=\"og:site_name\" content=\"Iris Bas\" \/>\n<meta property=\"article:modified_time\" content=\"2025-03-05T10:44:21+00:00\" \/>\n<meta name=\"twitter:card\" content=\"summary_large_image\" \/>\n<meta name=\"twitter:label1\" content=\"Temps estimat de lectura\" \/>\n\t<meta name=\"twitter:data1\" content=\"3 minuts\" \/>\n<script type=\"application\/ld+json\" class=\"yoast-schema-graph\">{\"@context\":\"https:\\\/\\\/schema.org\",\"@graph\":[{\"@type\":\"WebPage\",\"@id\":\"https:\\\/\\\/irisbas.com\\\/about-me\\\/\",\"url\":\"https:\\\/\\\/irisbas.com\\\/about-me\\\/\",\"name\":\"Sobre mi - Iris Bas\",\"isPartOf\":{\"@id\":\"https:\\\/\\\/irisbas.com\\\/#website\"},\"datePublished\":\"2013-05-31T11:57:37+00:00\",\"dateModified\":\"2025-03-05T10:44:21+00:00\",\"breadcrumb\":{\"@id\":\"https:\\\/\\\/irisbas.com\\\/about-me\\\/#breadcrumb\"},\"inLanguage\":\"ca\",\"potentialAction\":[{\"@type\":\"ReadAction\",\"target\":[\"https:\\\/\\\/irisbas.com\\\/about-me\\\/\"]}]},{\"@type\":\"BreadcrumbList\",\"@id\":\"https:\\\/\\\/irisbas.com\\\/about-me\\\/#breadcrumb\",\"itemListElement\":[{\"@type\":\"ListItem\",\"position\":1,\"name\":\"Portada\",\"item\":\"https:\\\/\\\/irisbas.com\\\/ca\\\/\"},{\"@type\":\"ListItem\",\"position\":2,\"name\":\"Sobre mi\"}]},{\"@type\":\"WebSite\",\"@id\":\"https:\\\/\\\/irisbas.com\\\/#website\",\"url\":\"https:\\\/\\\/irisbas.com\\\/\",\"name\":\"Iris Bas\",\"description\":\"Branding \u00b7 Disseny \u00b7 UI\\\/UX \u00b7 Gesti\u00f3 de Projectes\",\"potentialAction\":[{\"@type\":\"SearchAction\",\"target\":{\"@type\":\"EntryPoint\",\"urlTemplate\":\"https:\\\/\\\/irisbas.com\\\/?s={search_term_string}\"},\"query-input\":{\"@type\":\"PropertyValueSpecification\",\"valueRequired\":true,\"valueName\":\"search_term_string\"}}],\"inLanguage\":\"ca\"}]}<\/script>\n<!-- \/ Yoast SEO plugin. -->","yoast_head_json":{"title":"Sobre mi - Iris Bas","robots":{"index":"index","follow":"follow","max-snippet":"max-snippet:-1","max-image-preview":"max-image-preview:large","max-video-preview":"max-video-preview:-1"},"canonical":"https:\/\/irisbas.com\/about-me\/","og_locale":"ca_ES","og_type":"article","og_title":"Sobre mi - Iris Bas","og_url":"https:\/\/irisbas.com\/about-me\/","og_site_name":"Iris Bas","article_modified_time":"2025-03-05T10:44:21+00:00","twitter_card":"summary_large_image","twitter_misc":{"Temps estimat de lectura":"3 minuts"},"schema":{"@context":"https:\/\/schema.org","@graph":[{"@type":"WebPage","@id":"https:\/\/irisbas.com\/about-me\/","url":"https:\/\/irisbas.com\/about-me\/","name":"Sobre mi - Iris Bas","isPartOf":{"@id":"https:\/\/irisbas.com\/#website"},"datePublished":"2013-05-31T11:57:37+00:00","dateModified":"2025-03-05T10:44:21+00:00","breadcrumb":{"@id":"https:\/\/irisbas.com\/about-me\/#breadcrumb"},"inLanguage":"ca","potentialAction":[{"@type":"ReadAction","target":["https:\/\/irisbas.com\/about-me\/"]}]},{"@type":"BreadcrumbList","@id":"https:\/\/irisbas.com\/about-me\/#breadcrumb","itemListElement":[{"@type":"ListItem","position":1,"name":"Portada","item":"https:\/\/irisbas.com\/ca\/"},{"@type":"ListItem","position":2,"name":"Sobre mi"}]},{"@type":"WebSite","@id":"https:\/\/irisbas.com\/#website","url":"https:\/\/irisbas.com\/","name":"Iris Bas","description":"Branding \u00b7 Disseny \u00b7 UI\/UX \u00b7 Gesti\u00f3 de Projectes","potentialAction":[{"@type":"SearchAction","target":{"@type":"EntryPoint","urlTemplate":"https:\/\/irisbas.com\/?s={search_term_string}"},"query-input":{"@type":"PropertyValueSpecification","valueRequired":true,"valueName":"search_term_string"}}],"inLanguage":"ca"}]}},"_links":{"self":[{"href":"https:\/\/irisbas.com\/ca\/wp-json\/wp\/v2\/pages\/9515","targetHints":{"allow":["GET"]}}],"collection":[{"href":"https:\/\/irisbas.com\/ca\/wp-json\/wp\/v2\/pages"}],"about":[{"href":"https:\/\/irisbas.com\/ca\/wp-json\/wp\/v2\/types\/page"}],"author":[{"embeddable":true,"href":"https:\/\/irisbas.com\/ca\/wp-json\/wp\/v2\/users\/1"}],"replies":[{"embeddable":true,"href":"https:\/\/irisbas.com\/ca\/wp-json\/wp\/v2\/comments?post=9515"}],"version-history":[{"count":7,"href":"https:\/\/irisbas.com\/ca\/wp-json\/wp\/v2\/pages\/9515\/revisions"}],"predecessor-version":[{"id":9623,"href":"https:\/\/irisbas.com\/ca\/wp-json\/wp\/v2\/pages\/9515\/revisions\/9623"}],"wp:attachment":[{"href":"https:\/\/irisbas.com\/ca\/wp-json\/wp\/v2\/media?parent=9515"}],"curies":[{"name":"wp","href":"https:\/\/api.w.org\/{rel}","templated":true}]}}